{"id":110,"date":"2013-07-01T18:43:23","date_gmt":"2013-07-01T13:43:23","guid":{"rendered":"http:\/\/regionalhumanrights.org\/az\/?page_id=110"},"modified":"2015-08-14T14:11:51","modified_gmt":"2015-08-14T09:11:51","slug":"t%c9%99skilat-haqqinda-m%c9%99lumat-2","status":"publish","type":"page","link":"http:\/\/regionalhumanrights.org\/az\/?page_id=110","title":{"rendered":"T\u0259\u015fkilat haqq\u0131nda m\u0259lumat"},"content":{"rendered":"<p style=\"text-align: justify;\"><a href=\"http:\/\/regionalhumanrights.org\/az\/wp-content\/uploads\/2011\/12\/RIHMM.jpg\"><img loading=\"lazy\" decoding=\"async\" class=\"alignleft  wp-image-665\" alt=\"RIHMM\" src=\"http:\/\/regionalhumanrights.org\/az\/wp-content\/uploads\/2011\/12\/RIHMM-300x235.jpg\" width=\"139\" height=\"109\" srcset=\"http:\/\/regionalhumanrights.org\/az\/wp-content\/uploads\/2011\/12\/RIHMM-300x235.jpg 300w, http:\/\/regionalhumanrights.org\/az\/wp-content\/uploads\/2011\/12\/RIHMM.jpg 871w\" sizes=\"(max-width: 139px) 100vw, 139px\" \/><\/a>\u00abRegional \u0130nsan H\u00fcquqlar\u0131 v\u0259 Media M\u0259rk\u0259zi\u00bb Ictimai Birliyi\u00a0 (RIHMM) 02 sentyabr 2008-ci ild\u0259 t\u0259sis edilib. 30 oktyabr 2008-ci ild\u0259 \u018fdliyy\u0259 Nazirliyi t\u0259r\u0259find\u0259n qeydiyyata al\u0131n\u0131b RIHMM-in f\u0259aliyy\u0259ti Az\u0259rbaycan\u0131n B\u0259rd\u0259, T\u0259rt\u0259r, A\u011fdam, A\u011fcab\u0259di, Goranboy, Ming\u0259\u00e7evir v\u0259 Yevlax rayonlar\u0131n\u0131n \u0259razisini \u0259hat\u0259 edir. Ictimai Birliyin f\u0259aliyy\u0259tinin \u0259sas m\u0259qs\u0259di regionlarda insan h\u00fcquqlar\u0131n\u0131 m\u00fcdafi\u0259 etm\u0259k v\u0259 medianin inki\u015faf\u0131na d\u0259st\u0259k verm\u0259kd\u0259n ibar\u0259tdir. T\u0259\u015fkilat\u0131n icra etdiyi layih\u0259l\u0259r.<\/p>\n<p style=\"text-align: justify;\"><b>1.<\/b>\u00a0A\u00e7\u0131q C\u0259miyy\u0259t \u0130nstitutu \u2013 Yard\u0131m Fonduna maliyy\u0259 d\u0259st\u0259yi il\u0259 \u00abRegionlarda teatrlar\u0131n v\u0259ziyy\u0259tinin monitorinqi: probleml\u0259rin m\u00fc\u0259yy\u0259nl\u0259\u015fdirilm\u0259si v\u0259 ictimai m\u00fczakir\u0259l\u0259rin t\u0259\u015fkili\u00bb layih\u0259si h\u0259yata ke\u00e7irilib.\u00a0 Layih\u0259 \u00e7\u0259r\u00e7iv\u0259sind\u0259 (01.01.2010- 30.04.2010)\u00a0 G\u0259nc\u0259, Ming\u0259\u00e7evir, \u015e\u0259ki v\u0259 Qax rayonlar\u0131nda f\u0259aliyy\u0259t g\u00f6st\u0259r\u0259n teatrlar\u0131n m\u00f6vc\u00fcd v\u0259ziyy\u0259ti ara\u015fd\u0131r\u0131l\u0131b, n\u0259tic\u0259l\u0259r ictimai m\u00fczakir\u0259y\u0259 \u00e7\u0131xar\u0131lar\u0131q, regionlarda\u00a0 teatr s\u0259n\u0259tinin inki\u015faf\u0131 \u00fc\u00e7\u00fcn t\u0259klifl\u0259r haz\u0131rlan\u0131b.<\/p>\n<p style=\"text-align: justify;\"><b>2.<\/b>\u00a0T\u00fcrk \u0130\u015fbirliyi v\u0259 Kalk\u0131nma \u0130dar\u0259si Ba\u015fkanl\u0131\u011f\u0131n\u0131n (T\u0130KA) Bak\u0131 Proqram Koordinatorlu\u011funun texniki, Az\u0259rbaycan Respublikas\u0131n\u0131n Prezidenti yan\u0131nda Qeyri-H\u00f6kum\u0259t T\u0259\u015fkilatlar\u0131na D\u00f6vl\u0259t D\u0259st\u0259yi \u015euras\u0131n\u0131n maliyy\u0259 d\u0259st\u0259yi il\u0259 \u00abM\u00fcharib\u0259d\u0259n z\u0259r\u0259r \u00e7\u0259k\u0259n ail\u0259l\u0259rd\u0259n olan \u015f\u0259xsl\u0259r \u00fc\u00e7\u00fcn \u00f6d\u0259ni\u015fsiz kompyuter kurslar\u0131n\u0131n t\u0259\u015fkili\u00bb layih\u0259si icra edilib. 01.07.2010- 29.12.2010 tarixind\u0259 icra edil\u0259n layih\u0259 \u00e7\u0259r\u00e7iv\u0259sind\u0259 121 n\u0259f\u0259r g\u0259nc \u00f6d\u0259ni\u015fsiz olaraq kompyuter bilikl\u0259ri\u0259 yiy\u0259l\u0259nib.<br \/>\n<b>3.<\/b>\u00a0T\u0259\u015fkilat T\u00fcrk \u0130\u015fbirliyi v\u0259 Kalk\u0131nma \u0130dar\u0259si Ba\u015fkanl\u0131\u011f\u0131n\u0131n (T\u0130KA) Bak\u0131 Proqram Koordinatorlu\u011funun texniki, Qeyri-H\u00f6kum\u0259t T\u0259\u015fkilatlar\u0131na D\u00f6vl\u0259t D\u0259st\u0259yi \u015euras\u0131n\u0131n maliyy\u0259 d\u0259st\u0259yi il\u0259 \u00abQaraba\u011f m\u00fcharib\u0259sind\u0259n z\u0259r\u0259r \u00e7\u0259k\u0259n ail\u0259l\u0259rd\u0259n olan \u015f\u0259xsl\u0259r \u00fc\u00e7\u00fcn d\u0259rzilikl\u0259 ba\u011fl\u0131 kurslar\u0131n t\u0259\u015fkili\u00bb layih\u0259sini (01.01.2012-30.09.2012) icra edib. Layih\u0259 \u00e7\u0259r\u00e7iv\u0259sind\u0259 60 n\u0259f\u0259r g\u0259nc\u0259 d\u0259rzilik pe\u015f\u0259si \u00f6yr\u0259dilib.<br \/>\n<b>4.<\/b>\u00a0T\u0259\u015fkilat Amerika Birl\u0259\u015fmi\u015f \u015etatlar\u0131n\u0131n Az\u0259rbaycan Respublikas\u0131ndak\u0131 S\u0259firliyi t\u0259r\u0259find\u0259n maliyy\u0259l\u0259\u015fdiril\u0259n \u201cRegion g\u0259ncl\u0259rinin media sah\u0259sind\u0259, sosial \u015f\u0259b\u0259k\u0259l\u0259rd\u0259 i\u015f bacar\u0131qlar\u0131n\u0131n art\u0131r\u0131lmas\u0131 v\u0259 bloqqerlik f\u0259aliyy\u0259tinin geni\u015fl\u0259ndirilm\u0259si\u201d layih\u0259sini (02.07.2012-30.10.2012) icra edir. Layih\u0259 \u00e7\u0259r\u00e7iv\u0259sind\u0259 A\u011fdam v\u0259 Goranboy rayonlar\u0131ndan olan 40 n\u0259f\u0259r f\u0259al g\u0259nc\u0259 v\u0259t\u0259nda\u015f jurnalistikas\u0131 il\u0259 ba\u011fl\u0131 t\u0259lim ke\u00e7irilib.<br \/>\n<b>5.<\/b>\u00a0Regional \u0130nsan H\u00fcquqlar\u0131 v\u0259 Media M\u0259rk\u0259zi Reportiyorlar\u0131n Azadl\u0131\u011f\u0131 v\u0259 T\u0259hl\u00fck\u0259sizliyi \u0130nstitutu (RAT\u0130) il\u0259 birg\u0259 \u00abYeni median\u0131n inki\u015faf\u0131 v\u0259 regional \u0259laq\u0259l\u0259r\u00bb layih\u0259sini (01.11.2011-30.10.2012) icra edib. Avropa Komissiyas\u0131 t\u0259r\u0259find\u0259n maliyy\u0259l\u0259\u015fdiril\u0259n bu layih\u0259 \u00e7\u0259r\u00e7iv\u0259sind\u0259 R\u0130HMM \u00fcz\u0259rin\u0259 d\u00fc\u015f\u0259n b\u00fct\u00fcn i\u015fl\u0259ri pe\u015f\u0259k\u0259r s\u0259viyy\u0259d\u0259 yerin\u0259 yetirib.<br \/>\n<strong>6.<\/strong> T\u0259\u015fkilat Qeyri-H\u00f6kum\u0259t T\u0259\u015fkilatlar\u0131na D\u00f6vl\u0259t D\u0259st\u0259yi \u015euras\u0131n\u0131n maliyy\u0259 d\u0259st\u0259yi il\u0259\u00a0\u00abBa\u015fl\u0131bel faci\u0259si: erm\u0259ni v\u0259h\u015filikl\u0259ri \u015fahidl\u0259rin dili il\u0259\u00bb layih\u0259sini (04.04.2013-04.09.2013) icra edib. Layih\u0259 \u00e7\u0259r\u00e7iv\u0259sind\u0259 \u00abBa\u015fl\u0131bel faci\u0259si: erm\u0259ni v\u0259h\u015filikl\u0259ri \u015fahidl\u0259rin dili il\u0259\u00bb kitab\u0131 \u00e7ap edilib.<br \/>\n<strong>7.<\/strong> Regional \u0130nsan H\u00fcquqlar\u0131 v\u0259 Media M\u0259rk\u0259zi Almaniya Federativ Respublikas\u0131n\u0131n Az\u0259rbaycandak\u0131 s\u0259firliyinin maliyy\u0259 d\u0259st\u0259yi il\u0259 \u00abM\u0259cburi k\u00f6\u00e7k\u00fcnl\u0259rin t\u0259hsil ald\u0131\u011f\u0131 K\u0259lb\u0259c\u0259r rayon 18 sayl\u0131 orta m\u0259kt\u0259bin sanitar qov\u015fa\u011f\u0131n\u0131n tikilm\u0259si\u00bb (01.07.2013 -30.09.2013\u00bb\u00a0\u00a0\u00a0\u00a0\u00a0 layih\u0259sini icra edib.<br \/>\n<strong>8.<\/strong> Regional \u0130nsan H\u00fcquqlar\u0131 v\u0259 Media M\u0259rk\u0259zi haz\u0131rda Conciliation Resources t\u0259\u015fkilat\u0131n\u0131n maliyy\u0259 d\u0259st\u0259yi il\u0259 \u00abM\u0259cburi k\u00f6\u00e7k\u00fcnl\u0259rin ya\u015fad\u0131\u011f\u0131 Qaraba\u011f q\u0259s\u0259b\u0259sind\u0259 g\u0259ncl\u0259r \u00fc\u00e7\u00fcn \u00f6d\u0259ni\u015fsiz kompyuter kurslar\u0131n\u0131n t\u0259\u015fkili\u00bb layih\u0259sini icra edib. (01.11.2013 -30.01.2014).<br \/>\n<strong>9.<\/strong>\u00a0T\u0259\u015fkilat Qeyri-H\u00f6kum\u0259t T\u0259\u015fkilatlar\u0131na D\u00f6vl\u0259t D\u0259st\u0259yi \u015euras\u0131n\u0131n maliyy\u0259 d\u0259st\u0259yi il\u0259 \u00abRegionlarda yeni media v\u0259 sosial \u015f\u0259b\u0259k\u0259l\u0259rd\u0259 ictimai m\u0259suliyy\u0259tin art\u0131r\u0131lmas\u0131na dair seminarlar\u0131n ke\u00e7irilm\u0259si\u00bb layih\u0259sini (05.06.2014 &#8211; 05.10.2014) icra edib. Layih\u0259 \u00e7\u0259r\u00e7i\u0259sind\u0259 cosial \u015f\u0259b\u0259k\u0259l\u0259rd\u0259 aktiv olan, sosial media v\u0259 v\u0259t\u0259nda\u015f jurnalistikas\u0131na mara\u011f\u0131 olan B\u0259rd\u0259, A\u011fdam, T\u0259rt\u0259r v\u0259 Naftalandan olan g\u0259ncl\u0259r \u00fc\u00e7\u00fcn v\u0259t\u0259nda\u015f jurnalistikas\u0131 il\u0259 ba\u011fl\u0131 seminar ke\u00e7irilib.<\/p>\n<p style=\"text-align: justify;\"><span style=\"color: #ff0000;\"><strong><a href=\"http:\/\/regionalhumanrights.org\/az\/?page_id=112\">MED\u0130A B\u0130Z\u0130M HAQQIMIZDA<\/a><\/strong><\/span><\/p>\n","protected":false},"excerpt":{"rendered":"<p>\u00abRegional \u0130nsan H\u00fcquqlar\u0131 v\u0259 Media M\u0259rk\u0259zi\u00bb Ictimai Birliyi\u00a0 (RIHMM) 02 sentyabr 2008-ci ild\u0259 t\u0259sis edilib. 30 oktyabr 2008-ci ild\u0259 \u018fdliyy\u0259 Nazirliyi t\u0259r\u0259find\u0259n qeydiyyata al\u0131n\u0131b RIHMM-in f\u0259aliyy\u0259ti Az\u0259rbaycan\u0131n B\u0259rd\u0259, T\u0259rt\u0259r, A\u011fdam, A\u011fcab\u0259di, Goranboy, Ming\u0259\u00e7evir v\u0259 Yevlax rayonlar\u0131n\u0131n \u0259razisini \u0259hat\u0259 edir. Ictimai Birliyin f\u0259aliyy\u0259tinin \u0259sas m\u0259qs\u0259di regionlarda insan h\u00fcquqlar\u0131n\u0131 m\u00fcdafi\u0259 etm\u0259k v\u0259 medianin inki\u015faf\u0131na d\u0259st\u0259k verm\u0259kd\u0259n ibar\u0259tdir&#8230;.<\/p>\n","protected":false},"author":1,"featured_media":0,"parent":2,"menu_order":0,"comment_status":"closed","ping_status":"closed","template":"","meta":{"footnotes":""},"_links":{"self":[{"href":"http:\/\/regionalhumanrights.org\/az\/index.php?rest_route=\/wp\/v2\/pages\/110"}],"collection":[{"href":"http:\/\/regionalhumanrights.org\/az\/index.php?rest_route=\/wp\/v2\/pages"}],"about":[{"href":"http:\/\/regionalhumanrights.org\/az\/index.php?rest_route=\/wp\/v2\/types\/page"}],"author":[{"embeddable":true,"href":"http:\/\/regionalhumanrights.org\/az\/index.php?rest_route=\/wp\/v2\/users\/1"}],"replies":[{"embeddable":true,"href":"http:\/\/regionalhumanrights.org\/az\/index.php?rest_route=%2Fwp%2Fv2%2Fcomments&post=110"}],"version-history":[{"count":10,"href":"http:\/\/regionalhumanrights.org\/az\/index.php?rest_route=\/wp\/v2\/pages\/110\/revisions"}],"predecessor-version":[{"id":169,"href":"http:\/\/regionalhumanrights.org\/az\/index.php?rest_route=\/wp\/v2\/pages\/110\/revisions\/169"}],"up":[{"embeddable":true,"href":"http:\/\/regionalhumanrights.org\/az\/index.php?rest_route=\/wp\/v2\/pages\/2"}],"wp:attachment":[{"href":"http:\/\/regionalhumanrights.org\/az\/index.php?rest_route=%2Fwp%2Fv2%2Fmedia&parent=110"}],"curies":[{"name":"wp","href":"https:\/\/api.w.org\/{rel}","templated":true}]}}