{"id":117,"date":"2011-08-03T18:51:47","date_gmt":"2011-08-03T18:51:47","guid":{"rendered":"http:\/\/regionalhumanrights.org\/az\/?page_id=117"},"modified":"2023-03-18T15:42:09","modified_gmt":"2023-03-18T11:42:09","slug":"%c9%99laq%c9%99-3","status":"publish","type":"page","link":"https:\/\/regionalhumanrights.org\/az\/?page_id=117","title":{"rendered":"\u018flaq\u0259"},"content":{"rendered":"<p>Regional \u0130nsan H\u00fcquqlar\u0131 v\u0259 Media M\u0259rk\u0259zi<br \/>\u00dcnvan: Az\u0259rbaycan, B\u0259rd\u0259 \u015f\u0259h\u0259ri, Qaraba\u011f q\u0259s\u0259b\u0259si<br \/>Tel:\u00a0 (+994 50)363-57-10<br \/>e-mail: <a href=\"mailto:humanrights_mc@yahoo.com\">humanrights_mc@yahoo.com<\/a>; <a href=\"mailto:regional.human.rights@gmail.com\">regional.human.rights@gmail.com<\/a><br \/>Xalid Kaz\u0131mov<br \/>S\u0259dr<\/p>\n\n\n<p><\/p>\n","protected":false},"excerpt":{"rendered":"<p>Regional \u0130nsan H\u00fcquqlar\u0131 v\u0259 Media M\u0259rk\u0259zi\u00dcnvan: Az\u0259rbaycan, B\u0259rd\u0259 \u015f\u0259h\u0259ri, Qaraba\u011f q\u0259s\u0259b\u0259siTel:\u00a0 (+994 50)363-57-10e-mail: humanrights_mc@yahoo.com; regional.human.rights@gmail.comXalid Kaz\u0131movS\u0259dr<\/p>\n","protected":false},"author":1,"featured_media":0,"parent":0,"menu_order":0,"comment_status":"closed","ping_status":"closed","template":"","meta":{"footnotes":""},"_links":{"self":[{"href":"https:\/\/regionalhumanrights.org\/az\/index.php?rest_route=\/wp\/v2\/pages\/117"}],"collection":[{"href":"https:\/\/regionalhumanrights.org\/az\/index.php?rest_route=\/wp\/v2\/pages"}],"about":[{"href":"https:\/\/regionalhumanrights.org\/az\/index.php?rest_route=\/wp\/v2\/types\/page"}],"author":[{"embeddable":true,"href":"https:\/\/regionalhumanrights.org\/az\/index.php?rest_route=\/wp\/v2\/users\/1"}],"replies":[{"embeddable":true,"href":"https:\/\/regionalhumanrights.org\/az\/index.php?rest_route=%2Fwp%2Fv2%2Fcomments&post=117"}],"version-history":[{"count":6,"href":"https:\/\/regionalhumanrights.org\/az\/index.php?rest_route=\/wp\/v2\/pages\/117\/revisions"}],"predecessor-version":[{"id":1936,"href":"https:\/\/regionalhumanrights.org\/az\/index.php?rest_route=\/wp\/v2\/pages\/117\/revisions\/1936"}],"wp:attachment":[{"href":"https:\/\/regionalhumanrights.org\/az\/index.php?rest_route=%2Fwp%2Fv2%2Fmedia&parent=117"}],"curies":[{"name":"wp","href":"https:\/\/api.w.org\/{rel}","templated":true}]}}