{"id":125,"date":"2011-08-03T18:55:31","date_gmt":"2011-08-03T18:55:31","guid":{"rendered":"http:\/\/regionalhumanrights.org\/az\/?page_id=125"},"modified":"2011-08-03T18:55:31","modified_gmt":"2011-08-03T18:55:31","slug":"uzvluk-ucun-%c9%99riz%c9%99","status":"publish","type":"page","link":"https:\/\/regionalhumanrights.org\/az\/?page_id=125","title":{"rendered":"\u00dczvl\u00fck \u00fc\u00e7\u00fcn \u0259riz\u0259"},"content":{"rendered":"<p><a href=\"http:\/\/regionalhumanrights.org\/az\/wp-content\/uploads\/2011\/08\/%C3%9Czvl%C3%BCk-%C3%BC%C3%A7%C3%BCn-%C9%99riz%C9%991.doc\">\u00dczvl\u00fck \u00fc\u00e7\u00fcn \u0259riz\u0259<\/a><\/p>\n","protected":false},"excerpt":{"rendered":"<p>\u00dczvl\u00fck \u00fc\u00e7\u00fcn \u0259riz\u0259<\/p>\n","protected":false},"author":1,"featured_media":0,"parent":16,"menu_order":0,"comment_status":"closed","ping_status":"closed","template":"","meta":{"footnotes":""},"_links":{"self":[{"href":"https:\/\/regionalhumanrights.org\/az\/index.php?rest_route=\/wp\/v2\/pages\/125"}],"collection":[{"href":"https:\/\/regionalhumanrights.org\/az\/index.php?rest_route=\/wp\/v2\/pages"}],"about":[{"href":"https:\/\/regionalhumanrights.org\/az\/index.php?rest_route=\/wp\/v2\/types\/page"}],"author":[{"embeddable":true,"href":"https:\/\/regionalhumanrights.org\/az\/index.php?rest_route=\/wp\/v2\/users\/1"}],"replies":[{"embeddable":true,"href":"https:\/\/regionalhumanrights.org\/az\/index.php?rest_route=%2Fwp%2Fv2%2Fcomments&post=125"}],"version-history":[{"count":2,"href":"https:\/\/regionalhumanrights.org\/az\/index.php?rest_route=\/wp\/v2\/pages\/125\/revisions"}],"predecessor-version":[{"id":128,"href":"https:\/\/regionalhumanrights.org\/az\/index.php?rest_route=\/wp\/v2\/pages\/125\/revisions\/128"}],"up":[{"embeddable":true,"href":"https:\/\/regionalhumanrights.org\/az\/index.php?rest_route=\/wp\/v2\/pages\/16"}],"wp:attachment":[{"href":"https:\/\/regionalhumanrights.org\/az\/index.php?rest_route=%2Fwp%2Fv2%2Fmedia&parent=125"}],"curies":[{"name":"wp","href":"https:\/\/api.w.org\/{rel}","templated":true}]}}